{"id":2587,"date":"2023-10-30T08:33:09","date_gmt":"2023-10-30T07:33:09","guid":{"rendered":"https:\/\/websupportondemo.com\/clients\/junge-russlanddeutsche\/?page_id=157"},"modified":"2024-10-04T14:07:55","modified_gmt":"2024-10-04T12:07:55","slug":"denk-orte","status":"publish","type":"page","link":"https:\/\/www.junge-russlanddeutsche.de\/denk-orte\/","title":{"rendered":"den\u041a.Orte"},"content":{"rendered":"\t\t<div data-elementor-type=\"wp-page\" data-elementor-id=\"2587\" class=\"elementor elementor-2587\">\n\t\t\t\t<div class=\"elementor-element elementor-element-59b3fa4 e-flex e-con-boxed e-con e-parent\" data-id=\"59b3fa4\" data-element_type=\"container\" data-settings=\"{&quot;background_background&quot;:&quot;classic&quot;}\">\n\t\t\t\t\t<div class=\"e-con-inner\">\n\t\t<div class=\"elementor-element elementor-element-c87139d e-con-full e-flex e-con e-child\" data-id=\"c87139d\" data-element_type=\"container\">\n\t\t\t\t<div class=\"elementor-element elementor-element-10b4217 bn_txt elementor-widget elementor-widget-heading\" data-id=\"10b4217\" data-element_type=\"widget\" data-widget_type=\"heading.default\">\n\t\t\t\t<div class=\"elementor-widget-container\">\n\t\t\t<h2 class=\"elementor-heading-title elementor-size-default\">\u00dcber das Projekt<\/h2>\t\t<\/div>\n\t\t\t\t<\/div>\n\t\t\t\t<div class=\"elementor-element elementor-element-37b697c elementor-widget elementor-widget-text-editor\" data-id=\"37b697c\" data-element_type=\"widget\" data-widget_type=\"text-editor.default\">\n\t\t\t\t<div class=\"elementor-widget-container\">\n\t\t\t\t\t\t\t<p>den\u041a.Orte \u2013 Topografie sowjetischer Repression als Beitrag zu einer pluralen Erinnerungskultur in der Migrationsgesellschaft<\/p>\t\t\t\t\t\t<\/div>\n\t\t\t\t<\/div>\n\t\t<div class=\"elementor-element elementor-element-9ca0e41 e-flex e-con-boxed e-con e-child\" data-id=\"9ca0e41\" data-element_type=\"container\">\n\t\t\t\t\t<div class=\"e-con-inner\">\n\t\t\t\t<div class=\"elementor-element elementor-element-0d0ed11 elementor-widget__width-initial elementor-widget elementor-widget-text-editor\" data-id=\"0d0ed11\" data-element_type=\"widget\" data-widget_type=\"text-editor.default\">\n\t\t\t\t<div class=\"elementor-widget-container\">\n\t\t\t\t\t\t\t<p>Kollektiverinnerungen pr\u00e4gen die Gesellschaft. Doch was, wenn sie unvollst\u00e4ndig sind? Zentralen Erinnerungen der Russlanddeutschen bleiben in der Gesamtgesellschaft oft unsichtbar. Gerade in Zeiten von Migrations- und Identit\u00e4tsdebatten sowie historischer Aufarbeitung ist die Antwort auf diese Frage hochaktuell.<\/p><p>denK.Orte beleuchtet zentrale Erinnerungsmotive der Sp\u00e4taussiedlerinnen und Sp\u00e4taussiedler, insbesondere ihre Repressionserfahrungen in der sowjetischen Diktatur als historische Schl\u00fcsselaspekte f\u00fcr ihre Aufnahme in Deutschland. Diese zu kennen, hilft zu verstehen, warum deren Nachfolgegenerationen heute hier sind und was sie bewegt.<\/p>\t\t\t\t\t\t<\/div>\n\t\t\t\t<\/div>\n\t\t\t\t<div class=\"elementor-element elementor-element-7060f14 elementor-hidden-mobile elementor-widget elementor-widget-image\" data-id=\"7060f14\" data-element_type=\"widget\" data-widget_type=\"image.default\">\n\t\t\t\t<div class=\"elementor-widget-container\">\n\t\t\t\t\t\t\t\t\t\t\t\t\t<img fetchpriority=\"high\" decoding=\"async\" width=\"620\" height=\"620\" src=\"https:\/\/www.junge-russlanddeutsche.de\/denk-orte\/wp-content\/uploads\/sites\/6\/2024\/08\/Logo-JRD-2024-1024x1024.png\" class=\"attachment-large size-large wp-image-2798\" alt=\"\" srcset=\"https:\/\/www.junge-russlanddeutsche.de\/denk-orte\/wp-content\/uploads\/sites\/6\/2024\/08\/Logo-JRD-2024-1024x1024.png 1024w, https:\/\/www.junge-russlanddeutsche.de\/denk-orte\/wp-content\/uploads\/sites\/6\/2024\/08\/Logo-JRD-2024-300x300.png 300w, https:\/\/www.junge-russlanddeutsche.de\/denk-orte\/wp-content\/uploads\/sites\/6\/2024\/08\/Logo-JRD-2024-150x150.png 150w, https:\/\/www.junge-russlanddeutsche.de\/denk-orte\/wp-content\/uploads\/sites\/6\/2024\/08\/Logo-JRD-2024-768x768.png 768w, https:\/\/www.junge-russlanddeutsche.de\/denk-orte\/wp-content\/uploads\/sites\/6\/2024\/08\/Logo-JRD-2024-1536x1536.png 1536w, https:\/\/www.junge-russlanddeutsche.de\/denk-orte\/wp-content\/uploads\/sites\/6\/2024\/08\/Logo-JRD-2024-2048x2048.png 2048w, https:\/\/www.junge-russlanddeutsche.de\/denk-orte\/wp-content\/uploads\/sites\/6\/2024\/08\/Logo-JRD-2024-1568x1568.png 1568w, https:\/\/www.junge-russlanddeutsche.de\/denk-orte\/wp-content\/uploads\/sites\/6\/2024\/08\/Logo-JRD-2024-400x400.png 400w\" sizes=\"(max-width: 620px) 100vw, 620px\" \/>\t\t\t\t\t\t\t\t\t\t\t\t\t<\/div>\n\t\t\t\t<\/div>\n\t\t\t\t\t<\/div>\n\t\t\t\t<\/div>\n\t\t\t\t<div class=\"elementor-element elementor-element-38b568c elementor-widget elementor-widget-button\" data-id=\"38b568c\" data-element_type=\"widget\" data-widget_type=\"button.default\">\n\t\t\t\t<div class=\"elementor-widget-container\">\n\t\t\t\t\t\t\t<div class=\"elementor-button-wrapper\">\n\t\t\t\t\t<a class=\"elementor-button elementor-button-link elementor-size-sm\" href=\"https:\/\/www.junge-russlanddeutsche.de\/denk-orte\/projektdenkorte\/\">\n\t\t\t\t\t\t<span class=\"elementor-button-content-wrapper\">\n\t\t\t\t\t\t\t\t\t<span class=\"elementor-button-text\">Mehr Erfahren<\/span>\n\t\t\t\t\t<\/span>\n\t\t\t\t\t<\/a>\n\t\t\t\t<\/div>\n\t\t\t\t\t\t<\/div>\n\t\t\t\t<\/div>\n\t\t<div class=\"elementor-element elementor-element-b2d9a67 e-flex e-con-boxed e-con e-child\" data-id=\"b2d9a67\" data-element_type=\"container\">\n\t\t\t\t\t<div class=\"e-con-inner\">\n\t\t<div class=\"elementor-element elementor-element-459c988 e-flex e-con-boxed e-con e-child\" data-id=\"459c988\" data-element_type=\"container\">\n\t\t\t\t\t<div class=\"e-con-inner\">\n\t\t\t\t<div class=\"elementor-element elementor-element-c931afc elementor-widget elementor-widget-heading\" data-id=\"c931afc\" data-element_type=\"widget\" data-widget_type=\"heading.default\">\n\t\t\t\t<div class=\"elementor-widget-container\">\n\t\t\t<h2 class=\"elementor-heading-title elementor-size-default\">Unsere Beitr\u00e4ge<\/h2>\t\t<\/div>\n\t\t\t\t<\/div>\n\t\t\t\t\t<\/div>\n\t\t\t\t<\/div>\n\t\t\t\t\t<\/div>\n\t\t\t\t<\/div>\n\t\t\t\t<\/div>\n\t\t<div class=\"elementor-element elementor-element-5ac7e2b e-con-full e-flex e-con e-child\" data-id=\"5ac7e2b\" data-element_type=\"container\">\n\t\t\t\t<div class=\"elementor-element elementor-element-02e3e01 elementor-widget-divider--view-line elementor-widget elementor-widget-divider\" data-id=\"02e3e01\" data-element_type=\"widget\" data-widget_type=\"divider.default\">\n\t\t\t\t<div class=\"elementor-widget-container\">\n\t\t\t\t\t<div class=\"elementor-divider\">\n\t\t\t<span class=\"elementor-divider-separator\">\n\t\t\t\t\t\t<\/span>\n\t\t<\/div>\n\t\t\t\t<\/div>\n\t\t\t\t<\/div>\n\t\t\t\t<div class=\"elementor-element elementor-element-3e50d0d elementor-widget elementor-widget-heading\" data-id=\"3e50d0d\" data-element_type=\"widget\" data-widget_type=\"heading.default\">\n\t\t\t\t<div class=\"elementor-widget-container\">\n\t\t\t<h2 class=\"elementor-heading-title elementor-size-default\">Unsere Beitragskategorien<\/h2>\t\t<\/div>\n\t\t\t\t<\/div>\n\t\t\t\t<\/div>\n\t\t\t\t\t<\/div>\n\t\t\t\t<\/div>\n\t\t<div class=\"elementor-element elementor-element-cfe94da e-flex e-con-boxed e-con e-parent\" data-id=\"cfe94da\" data-element_type=\"container\" data-settings=\"{&quot;background_background&quot;:&quot;classic&quot;}\">\n\t\t\t\t\t<div class=\"e-con-inner\">\n\t\t<div class=\"elementor-element elementor-element-5f7cdeb e-flex e-con-boxed e-con e-child\" data-id=\"5f7cdeb\" data-element_type=\"container\">\n\t\t\t\t\t<div class=\"e-con-inner\">\n\t\t<div class=\"elementor-element elementor-element-dd9e13a e-con-full up_ani e-flex elementor-invisible e-con e-child\" data-id=\"dd9e13a\" data-element_type=\"container\" data-settings=\"{&quot;animation&quot;:&quot;fadeInUp&quot;}\">\n\t\t\t\t<div class=\"elementor-element elementor-element-3a5d758 ser_bot elementor-position-top elementor-widget elementor-widget-image-box\" data-id=\"3a5d758\" data-element_type=\"widget\" data-widget_type=\"image-box.default\">\n\t\t\t\t<div class=\"elementor-widget-container\">\n\t\t\t<div class=\"elementor-image-box-wrapper\"><figure class=\"elementor-image-box-img\"><a href=\"https:\/\/www.junge-russlanddeutsche.de\/denk-orte\/modellierung\/\" tabindex=\"-1\"><img decoding=\"async\" width=\"300\" height=\"300\" src=\"https:\/\/www.junge-russlanddeutsche.de\/denk-orte\/wp-content\/uploads\/sites\/6\/2024\/09\/Modellierung-300x300.jpg\" class=\"attachment-medium size-medium wp-image-3650\" alt=\"\" srcset=\"https:\/\/www.junge-russlanddeutsche.de\/denk-orte\/wp-content\/uploads\/sites\/6\/2024\/09\/Modellierung-300x300.jpg 300w, https:\/\/www.junge-russlanddeutsche.de\/denk-orte\/wp-content\/uploads\/sites\/6\/2024\/09\/Modellierung-150x150.jpg 150w, https:\/\/www.junge-russlanddeutsche.de\/denk-orte\/wp-content\/uploads\/sites\/6\/2024\/09\/Modellierung-768x768.jpg 768w, https:\/\/www.junge-russlanddeutsche.de\/denk-orte\/wp-content\/uploads\/sites\/6\/2024\/09\/Modellierung-400x400.jpg 400w, https:\/\/www.junge-russlanddeutsche.de\/denk-orte\/wp-content\/uploads\/sites\/6\/2024\/09\/Modellierung.jpg 1024w\" sizes=\"(max-width: 300px) 100vw, 300px\" \/><\/a><\/figure><div class=\"elementor-image-box-content\"><h4 class=\"elementor-image-box-title\"><a href=\"https:\/\/www.junge-russlanddeutsche.de\/denk-orte\/modellierung\/\">Modellierung der Erinnerung <\/a><\/h4><\/div><\/div>\t\t<\/div>\n\t\t\t\t<\/div>\n\t\t\t\t<div class=\"elementor-element elementor-element-f7de044 elementor-widget elementor-widget-button\" data-id=\"f7de044\" data-element_type=\"widget\" data-widget_type=\"button.default\">\n\t\t\t\t<div class=\"elementor-widget-container\">\n\t\t\t\t\t\t\t<div class=\"elementor-button-wrapper\">\n\t\t\t\t\t<a class=\"elementor-button elementor-button-link elementor-size-sm\" href=\"https:\/\/www.junge-russlanddeutsche.de\/denk-orte\/modellierung\/\">\n\t\t\t\t\t\t<span class=\"elementor-button-content-wrapper\">\n\t\t\t\t\t\t\t\t\t<span class=\"elementor-button-text\">MEHR LESEN<\/span>\n\t\t\t\t\t<\/span>\n\t\t\t\t\t<\/a>\n\t\t\t\t<\/div>\n\t\t\t\t\t\t<\/div>\n\t\t\t\t<\/div>\n\t\t\t\t<\/div>\n\t\t<div class=\"elementor-element elementor-element-7225ee4 e-con-full up_ani e-flex elementor-invisible e-con e-child\" data-id=\"7225ee4\" data-element_type=\"container\" data-settings=\"{&quot;animation&quot;:&quot;fadeInUp&quot;}\">\n\t\t\t\t<div class=\"elementor-element elementor-element-1e6d406 ser_bot elementor-position-top elementor-widget elementor-widget-image-box\" data-id=\"1e6d406\" data-element_type=\"widget\" data-widget_type=\"image-box.default\">\n\t\t\t\t<div class=\"elementor-widget-container\">\n\t\t\t<div class=\"elementor-image-box-wrapper\"><figure class=\"elementor-image-box-img\"><a href=\"https:\/\/www.junge-russlanddeutsche.de\/denk-orte\/verortung\/\" tabindex=\"-1\"><img decoding=\"async\" width=\"1024\" height=\"1024\" src=\"https:\/\/www.junge-russlanddeutsche.de\/denk-orte\/wp-content\/uploads\/sites\/6\/2024\/09\/Verortung.jpg\" class=\"attachment-full size-full wp-image-3653\" alt=\"\" srcset=\"https:\/\/www.junge-russlanddeutsche.de\/denk-orte\/wp-content\/uploads\/sites\/6\/2024\/09\/Verortung.jpg 1024w, https:\/\/www.junge-russlanddeutsche.de\/denk-orte\/wp-content\/uploads\/sites\/6\/2024\/09\/Verortung-300x300.jpg 300w, https:\/\/www.junge-russlanddeutsche.de\/denk-orte\/wp-content\/uploads\/sites\/6\/2024\/09\/Verortung-150x150.jpg 150w, https:\/\/www.junge-russlanddeutsche.de\/denk-orte\/wp-content\/uploads\/sites\/6\/2024\/09\/Verortung-768x768.jpg 768w, https:\/\/www.junge-russlanddeutsche.de\/denk-orte\/wp-content\/uploads\/sites\/6\/2024\/09\/Verortung-400x400.jpg 400w\" sizes=\"(max-width: 1024px) 100vw, 1024px\" \/><\/a><\/figure><div class=\"elementor-image-box-content\"><h4 class=\"elementor-image-box-title\"><a href=\"https:\/\/www.junge-russlanddeutsche.de\/denk-orte\/verortung\/\">Verortung der Erinnerung <\/a><\/h4><\/div><\/div>\t\t<\/div>\n\t\t\t\t<\/div>\n\t\t\t\t<div class=\"elementor-element elementor-element-c80cb7d elementor-widget elementor-widget-button\" data-id=\"c80cb7d\" data-element_type=\"widget\" data-widget_type=\"button.default\">\n\t\t\t\t<div class=\"elementor-widget-container\">\n\t\t\t\t\t\t\t<div class=\"elementor-button-wrapper\">\n\t\t\t\t\t<a class=\"elementor-button elementor-button-link elementor-size-sm\" href=\"https:\/\/www.junge-russlanddeutsche.de\/denk-orte\/verortung\/\">\n\t\t\t\t\t\t<span class=\"elementor-button-content-wrapper\">\n\t\t\t\t\t\t\t\t\t<span class=\"elementor-button-text\">MEHR LESEN<\/span>\n\t\t\t\t\t<\/span>\n\t\t\t\t\t<\/a>\n\t\t\t\t<\/div>\n\t\t\t\t\t\t<\/div>\n\t\t\t\t<\/div>\n\t\t\t\t<\/div>\n\t\t<div class=\"elementor-element elementor-element-f8995e8 e-con-full up_ani e-flex elementor-invisible e-con e-child\" data-id=\"f8995e8\" data-element_type=\"container\" data-settings=\"{&quot;animation&quot;:&quot;fadeInUp&quot;}\">\n\t\t\t\t<div class=\"elementor-element elementor-element-991c23e ser_bot elementor-position-top elementor-widget elementor-widget-image-box\" data-id=\"991c23e\" data-element_type=\"widget\" data-widget_type=\"image-box.default\">\n\t\t\t\t<div class=\"elementor-widget-container\">\n\t\t\t<div class=\"elementor-image-box-wrapper\"><figure class=\"elementor-image-box-img\"><a href=\"https:\/\/www.junge-russlanddeutsche.de\/denk-orte\/verinnerlichung\/\" tabindex=\"-1\"><img loading=\"lazy\" decoding=\"async\" width=\"1024\" height=\"1024\" src=\"https:\/\/www.junge-russlanddeutsche.de\/denk-orte\/wp-content\/uploads\/sites\/6\/2024\/09\/Verinnerlichung.jpg\" class=\"attachment-full size-full wp-image-3652\" alt=\"\" srcset=\"https:\/\/www.junge-russlanddeutsche.de\/denk-orte\/wp-content\/uploads\/sites\/6\/2024\/09\/Verinnerlichung.jpg 1024w, https:\/\/www.junge-russlanddeutsche.de\/denk-orte\/wp-content\/uploads\/sites\/6\/2024\/09\/Verinnerlichung-300x300.jpg 300w, https:\/\/www.junge-russlanddeutsche.de\/denk-orte\/wp-content\/uploads\/sites\/6\/2024\/09\/Verinnerlichung-150x150.jpg 150w, https:\/\/www.junge-russlanddeutsche.de\/denk-orte\/wp-content\/uploads\/sites\/6\/2024\/09\/Verinnerlichung-768x768.jpg 768w, https:\/\/www.junge-russlanddeutsche.de\/denk-orte\/wp-content\/uploads\/sites\/6\/2024\/09\/Verinnerlichung-400x400.jpg 400w\" sizes=\"(max-width: 1024px) 100vw, 1024px\" \/><\/a><\/figure><div class=\"elementor-image-box-content\"><h4 class=\"elementor-image-box-title\"><a href=\"https:\/\/www.junge-russlanddeutsche.de\/denk-orte\/verinnerlichung\/\">Verinnerlichung der Erinnerung<\/a><\/h4><\/div><\/div>\t\t<\/div>\n\t\t\t\t<\/div>\n\t\t\t\t<div class=\"elementor-element elementor-element-66a6af1 elementor-widget elementor-widget-button\" data-id=\"66a6af1\" data-element_type=\"widget\" data-widget_type=\"button.default\">\n\t\t\t\t<div class=\"elementor-widget-container\">\n\t\t\t\t\t\t\t<div class=\"elementor-button-wrapper\">\n\t\t\t\t\t<a class=\"elementor-button elementor-button-link elementor-size-sm\" href=\"https:\/\/www.junge-russlanddeutsche.de\/denk-orte\/verinnerlichung\/\">\n\t\t\t\t\t\t<span class=\"elementor-button-content-wrapper\">\n\t\t\t\t\t\t\t\t\t<span class=\"elementor-button-text\">MEHR LESEN<\/span>\n\t\t\t\t\t<\/span>\n\t\t\t\t\t<\/a>\n\t\t\t\t<\/div>\n\t\t\t\t\t\t<\/div>\n\t\t\t\t<\/div>\n\t\t\t\t<\/div>\n\t\t\t\t\t<\/div>\n\t\t\t\t<\/div>\n\t\t\t\t<div class=\"elementor-element elementor-element-c0a2de3 up_ani elementor-invisible elementor-widget elementor-widget-image\" data-id=\"c0a2de3\" data-element_type=\"widget\" data-settings=\"{&quot;_animation&quot;:&quot;zoomIn&quot;}\" data-widget_type=\"image.default\">\n\t\t\t\t<div class=\"elementor-widget-container\">\n\t\t\t\t\t\t\t\t\t\t\t\t\t<img loading=\"lazy\" decoding=\"async\" width=\"620\" height=\"620\" src=\"https:\/\/www.junge-russlanddeutsche.de\/denk-orte\/wp-content\/uploads\/sites\/6\/2024\/09\/denK.Orte_Einladung-768x768.png\" class=\"attachment-medium_large size-medium_large wp-image-3203\" alt=\"\" srcset=\"https:\/\/www.junge-russlanddeutsche.de\/denk-orte\/wp-content\/uploads\/sites\/6\/2024\/09\/denK.Orte_Einladung-768x768.png 768w, https:\/\/www.junge-russlanddeutsche.de\/denk-orte\/wp-content\/uploads\/sites\/6\/2024\/09\/denK.Orte_Einladung-300x300.png 300w, https:\/\/www.junge-russlanddeutsche.de\/denk-orte\/wp-content\/uploads\/sites\/6\/2024\/09\/denK.Orte_Einladung-1024x1024.png 1024w, https:\/\/www.junge-russlanddeutsche.de\/denk-orte\/wp-content\/uploads\/sites\/6\/2024\/09\/denK.Orte_Einladung-150x150.png 150w, https:\/\/www.junge-russlanddeutsche.de\/denk-orte\/wp-content\/uploads\/sites\/6\/2024\/09\/denK.Orte_Einladung-400x400.png 400w, https:\/\/www.junge-russlanddeutsche.de\/denk-orte\/wp-content\/uploads\/sites\/6\/2024\/09\/denK.Orte_Einladung.png 1080w\" sizes=\"(max-width: 620px) 100vw, 620px\" \/>\t\t\t\t\t\t\t\t\t\t\t\t\t<\/div>\n\t\t\t\t<\/div>\n\t\t\t\t<div class=\"elementor-element elementor-element-987c70b divide_line elementor-widget-divider--view-line elementor-widget elementor-widget-divider\" data-id=\"987c70b\" data-element_type=\"widget\" data-widget_type=\"divider.default\">\n\t\t\t\t<div class=\"elementor-widget-container\">\n\t\t\t\t\t<div class=\"elementor-divider\">\n\t\t\t<span class=\"elementor-divider-separator\">\n\t\t\t\t\t\t<\/span>\n\t\t<\/div>\n\t\t\t\t<\/div>\n\t\t\t\t<\/div>\n\t\t\t\t\t<\/div>\n\t\t\t\t<\/div>\n\t\t<div class=\"elementor-element elementor-element-f21ed1f e-flex e-con-boxed e-con e-parent\" data-id=\"f21ed1f\" data-element_type=\"container\" data-settings=\"{&quot;background_background&quot;:&quot;classic&quot;}\">\n\t\t\t\t\t<div class=\"e-con-inner\">\n\t\t\t\t<div class=\"elementor-element elementor-element-9e77c62 divide_line elementor-widget-divider--view-line elementor-widget elementor-widget-divider\" data-id=\"9e77c62\" data-element_type=\"widget\" data-widget_type=\"divider.default\">\n\t\t\t\t<div class=\"elementor-widget-container\">\n\t\t\t\t\t<div class=\"elementor-divider\">\n\t\t\t<span class=\"elementor-divider-separator\">\n\t\t\t\t\t\t<\/span>\n\t\t<\/div>\n\t\t\t\t<\/div>\n\t\t\t\t<\/div>\n\t\t\t\t\t<\/div>\n\t\t\t\t<\/div>\n\t\t\t\t<\/div>\n\t\t","protected":false},"excerpt":{"rendered":"<p>\u00dcber das Projekt den\u041a.Orte \u2013 Topografie sowjetischer Repression als Beitrag zu einer pluralen Erinnerungskultur in der Migrationsgesellschaft Kollektiverinnerungen pr\u00e4gen die Gesellschaft. Doch was, wenn sie unvollst\u00e4ndig sind? Zentralen Erinnerungen der Russlanddeutschen bleiben in der Gesamtgesellschaft oft unsichtbar. Gerade in Zeiten von Migrations- und Identit\u00e4tsdebatten sowie historischer Aufarbeitung ist die Antwort auf diese Frage hochaktuell. denK.Orte<a class=\"more-link\" href=\"https:\/\/www.junge-russlanddeutsche.de\/denk-orte\/\"><span class=\"screen-reader-text\">&#8220;den\u041a.Orte&#8221;<\/span> weiterlesen<\/a><\/p>\n","protected":false},"author":1,"featured_media":0,"parent":0,"menu_order":0,"comment_status":"closed","ping_status":"closed","template":"elementor_header_footer","meta":{"footnotes":""},"class_list":["post-2587","page","type-page","status-publish","hentry","entry"],"_links":{"self":[{"href":"https:\/\/www.junge-russlanddeutsche.de\/denk-orte\/wp-json\/wp\/v2\/pages\/2587"}],"collection":[{"href":"https:\/\/www.junge-russlanddeutsche.de\/denk-orte\/wp-json\/wp\/v2\/pages"}],"about":[{"href":"https:\/\/www.junge-russlanddeutsche.de\/denk-orte\/wp-json\/wp\/v2\/types\/page"}],"author":[{"embeddable":true,"href":"https:\/\/www.junge-russlanddeutsche.de\/denk-orte\/wp-json\/wp\/v2\/users\/1"}],"replies":[{"embeddable":true,"href":"https:\/\/www.junge-russlanddeutsche.de\/denk-orte\/wp-json\/wp\/v2\/comments?post=2587"}],"version-history":[{"count":28,"href":"https:\/\/www.junge-russlanddeutsche.de\/denk-orte\/wp-json\/wp\/v2\/pages\/2587\/revisions"}],"predecessor-version":[{"id":4064,"href":"https:\/\/www.junge-russlanddeutsche.de\/denk-orte\/wp-json\/wp\/v2\/pages\/2587\/revisions\/4064"}],"wp:attachment":[{"href":"https:\/\/www.junge-russlanddeutsche.de\/denk-orte\/wp-json\/wp\/v2\/media?parent=2587"}],"curies":[{"name":"wp","href":"https:\/\/api.w.org\/{rel}","templated":true}]}}