{"id":3506,"date":"2024-09-25T21:43:44","date_gmt":"2024-09-25T19:43:44","guid":{"rendered":"https:\/\/www.junge-russlanddeutsche.de\/?page_id=3506"},"modified":"2024-10-10T13:23:40","modified_gmt":"2024-10-10T11:23:40","slug":"ueberuns","status":"publish","type":"page","link":"https:\/\/www.junge-russlanddeutsche.de\/denk-orte\/ueberuns\/","title":{"rendered":"\u00dcber uns"},"content":{"rendered":"\t\t<div data-elementor-type=\"wp-page\" data-elementor-id=\"3506\" class=\"elementor elementor-3506\">\n\t\t\t\t<div class=\"elementor-element elementor-element-59b3fa4 e-flex e-con-boxed e-con e-parent\" data-id=\"59b3fa4\" data-element_type=\"container\" data-settings=\"{&quot;background_background&quot;:&quot;classic&quot;}\">\n\t\t\t\t\t<div class=\"e-con-inner\">\n\t\t<div class=\"elementor-element elementor-element-c87139d e-con-full e-flex e-con e-child\" data-id=\"c87139d\" data-element_type=\"container\">\n\t\t\t\t<div class=\"elementor-element elementor-element-10b4217 bn_txt elementor-widget elementor-widget-heading\" data-id=\"10b4217\" data-element_type=\"widget\" data-widget_type=\"heading.default\">\n\t\t\t\t<div class=\"elementor-widget-container\">\n\t\t\t<h2 class=\"elementor-heading-title elementor-size-default\">\u00dcber uns<\/h2>\t\t<\/div>\n\t\t\t\t<\/div>\n\t\t\t\t<div class=\"elementor-element elementor-element-5471887 elementor-widget elementor-widget-spacer\" data-id=\"5471887\" data-element_type=\"widget\" data-widget_type=\"spacer.default\">\n\t\t\t\t<div class=\"elementor-widget-container\">\n\t\t\t\t\t<div class=\"elementor-spacer\">\n\t\t\t<div class=\"elementor-spacer-inner\"><\/div>\n\t\t<\/div>\n\t\t\t\t<\/div>\n\t\t\t\t<\/div>\n\t\t\t\t<div class=\"elementor-element elementor-element-aee522a elementor-widget elementor-widget-image\" data-id=\"aee522a\" data-element_type=\"widget\" data-widget_type=\"image.default\">\n\t\t\t\t<div class=\"elementor-widget-container\">\n\t\t\t\t\t\t\t\t\t\t\t\t\t\t<a href=\"https:\/\/www.deutsche-gesellschaft-ev.de\/\">\n\t\t\t\t\t\t\t<img decoding=\"async\" src=\"https:\/\/www.junge-russlanddeutsche.de\/wp-content\/uploads\/2023\/11\/Logo_DG_NEU3-removebg-preview-1.png\" title=\"\" alt=\"\" loading=\"lazy\" \/>\t\t\t\t\t\t\t\t<\/a>\n\t\t\t\t\t\t\t\t\t\t\t\t\t<\/div>\n\t\t\t\t<\/div>\n\t\t\t\t<div class=\"elementor-element elementor-element-469323b elementor-widget-divider--view-line elementor-widget elementor-widget-divider\" data-id=\"469323b\" data-element_type=\"widget\" data-widget_type=\"divider.default\">\n\t\t\t\t<div class=\"elementor-widget-container\">\n\t\t\t\t\t<div class=\"elementor-divider\">\n\t\t\t<span class=\"elementor-divider-separator\">\n\t\t\t\t\t\t<\/span>\n\t\t<\/div>\n\t\t\t\t<\/div>\n\t\t\t\t<\/div>\n\t\t\t\t<div class=\"elementor-element elementor-element-7e310be elementor-widget elementor-widget-text-editor\" data-id=\"7e310be\" data-element_type=\"widget\" data-widget_type=\"text-editor.default\">\n\t\t\t\t<div class=\"elementor-widget-container\">\n\t\t\t\t\t\t\t<h5>Die Deutsche Gesellschaft e. V. ist der erste nach dem Fall der Berliner Mauer gegr\u00fcndete gesamtdeutsche Verein. Bereits im Jahr 1983 hatten Pers\u00f6nlichkeiten aus Ost und West versucht, eine deutsch-deutsche Freundschaftsgesellschaft zu initiieren. Sie scheiterten jedoch am Widerstand der SED-Funktion\u00e4re. F\u00fcr die Idee fanden sich in den Revolutionstagen des Jahres 1989 neue Verb\u00fcndete. Am 13. Januar 1990 wurde unser Verein in der Berliner Nikolaikirche gegr\u00fcndet.<\/h5><p>\u00a0<\/p><h5>Wir organisieren \u00fcber 700 Veranstaltungen j\u00e4hrlich in den Bereichen Politik &amp; Geschichte, Kultur &amp; Gesellschaft sowie EU &amp; Europa. In mehr als 20 europ\u00e4ischen Staaten setzen wir uns f\u00fcr Demokratie und V\u00f6lkerverst\u00e4ndigung ein. Unser Verein geh\u00f6rt damit zu den aktivsten \u00fcberparteilichen Organisationen in Deutschland.<\/h5><h5>In Foren, Gespr\u00e4chskreisen, Seminaren, Konferenzen, auf Studienreisen, bei Austauschprogrammen, Lesungen und Ausstellungen bietet die Deutsche Gesellschaft e. V. interessierten B\u00fcrgern die M\u00f6glichkeit zum offenen Diskurs \u00fcber aktuelle gesellschaftspolitische Themen.<\/h5><p>\u00a0<\/p><h5>Renommierte Projekte sind u. a. die \u00f6ffentlichkeitswirksame Begleitung der Errichtung des Freiheits- und Einheitsdenkmals in Berlin, akademische Essay- und Ideenwettbewerbe, Projekte zum j\u00fcdischen Kulturerbe in Berlin und Deutschland, Tagungen oder der Einsatz zum Erhalt kulturhistorischer St\u00e4tten (Freundeskreise Schl\u00f6sser und G\u00e4rten).<\/h5><p>\u00a0<\/p><h5>H\u00f6hepunkt ist auch die j\u00e4hrliche Vergabe des Preises der Deutschen Gesellschaft e. V. f\u00fcr Verdienste um die deutsche und europ\u00e4ische Verst\u00e4ndigung. Preistr\u00e4ger sind u. a. Wolfgang Sch\u00e4uble, Imre Kert\u00e9sz, Egon Bahr, Angela Merkel, Hans-Dietrich Genscher, Martin Walser und Richard von Weizs\u00e4cker.<\/h5>\t\t\t\t\t\t<\/div>\n\t\t\t\t<\/div>\n\t\t\t\t<div class=\"elementor-element elementor-element-03b0a43 elementor-widget elementor-widget-spacer\" data-id=\"03b0a43\" data-element_type=\"widget\" data-widget_type=\"spacer.default\">\n\t\t\t\t<div class=\"elementor-widget-container\">\n\t\t\t\t\t<div class=\"elementor-spacer\">\n\t\t\t<div class=\"elementor-spacer-inner\"><\/div>\n\t\t<\/div>\n\t\t\t\t<\/div>\n\t\t\t\t<\/div>\n\t\t<div class=\"elementor-element elementor-element-a3bbfc4 e-flex e-con-boxed e-con e-child\" data-id=\"a3bbfc4\" data-element_type=\"container\">\n\t\t\t\t\t<div class=\"e-con-inner\">\n\t\t\t\t<div class=\"elementor-element elementor-element-f4ab4cf elementor-widget__width-initial elementor-widget elementor-widget-image\" data-id=\"f4ab4cf\" data-element_type=\"widget\" data-widget_type=\"image.default\">\n\t\t\t\t<div class=\"elementor-widget-container\">\n\t\t\t\t\t\t\t\t\t\t\t\t\t\t<a href=\"https:\/\/www.russlanddeutsche.de\/kulturreferat\/ueber-das-referat.html\">\n\t\t\t\t\t\t\t<img decoding=\"async\" src=\"https:\/\/www.junge-russlanddeutsche.de\/wp-content\/uploads\/2023\/11\/Logo_Kulturreferat.png\" title=\"\" alt=\"\" loading=\"lazy\" \/>\t\t\t\t\t\t\t\t<\/a>\n\t\t\t\t\t\t\t\t\t\t\t\t\t<\/div>\n\t\t\t\t<\/div>\n\t\t\t\t\t<\/div>\n\t\t\t\t<\/div>\n\t\t\t\t<\/div>\n\t\t<div class=\"elementor-element elementor-element-2d562e7 e-con-full e-flex e-con e-child\" data-id=\"2d562e7\" data-element_type=\"container\">\n\t\t\t\t<div class=\"elementor-element elementor-element-fcb90a3 elementor-widget-divider--view-line elementor-widget elementor-widget-divider\" data-id=\"fcb90a3\" data-element_type=\"widget\" data-widget_type=\"divider.default\">\n\t\t\t\t<div class=\"elementor-widget-container\">\n\t\t\t\t\t<div class=\"elementor-divider\">\n\t\t\t<span class=\"elementor-divider-separator\">\n\t\t\t\t\t\t<\/span>\n\t\t<\/div>\n\t\t\t\t<\/div>\n\t\t\t\t<\/div>\n\t\t\t\t<div class=\"elementor-element elementor-element-d4aeb51 elementor-widget elementor-widget-text-editor\" data-id=\"d4aeb51\" data-element_type=\"widget\" data-widget_type=\"text-editor.default\">\n\t\t\t\t<div class=\"elementor-widget-container\">\n\t\t\t\t\t\t\t<h5 style=\"text-align: left;\">Schwerpunkt der Referatsaktivit\u00e4ten sind die breitenwirksame Vermittlung von Kultur, Geschichte und Gegenwart der russlanddeutschen Sp\u00e4taussiedlerInnen in verschiedenen Formaten sowie ein generations\u00fcbergreifender Dialog mit der Erlebnisgeneration, Jugend- und Erwachsenenbildung und Wissenstransfer an Multiplikatoren.<\/h5><h5>\u00a0<\/h5><h5 style=\"text-align: left;\">Daf\u00fcr werden in Kooperation mit verschiedenen Kulturtr\u00e4gern u.a. Veranstaltungen, Ausstellungen oder Lesungen bundesweit angeboten. Podcast und Webdokumentationen des Kulturreferates besch\u00e4ftigen sich mit Motiven der Erinnerungskultur in der Migrationsgesellschaft. F\u00fcr Multiplikatoren aus der Zivilgesellschaft und Bildung sowie f\u00fcr Jugendgruppen werden Tagungen und Workshops durchgef\u00fchrt. Der Kulturreferent ber\u00e4t und f\u00f6rdert Initiativen zivilgesellschaftlicher Organisationen, die sich mit Themen von Gruppen deutscher Herkunft aus den historischen Gebieten des Russl\u00e4ndisches Kaiserreich, Sowjetunion sowie deren Nachfolgestaaten befassen. Das Kulturreferat wird von der Beauftragten der Bundesregierung f\u00fcr Kultur und Medien gef\u00f6rdert und ist am Museum f\u00fcr russlanddeutsche Kulturgeschichte in Detmold verortet.<\/h5><div>\u00a0<\/div><div>\u00a0<\/div>\t\t\t\t\t\t<\/div>\n\t\t\t\t<\/div>\n\t\t\t\t<\/div>\n\t\t<div class=\"elementor-element elementor-element-aa5ca87 e-con-full e-flex e-con e-child\" data-id=\"aa5ca87\" data-element_type=\"container\">\n\t\t\t\t<div class=\"elementor-element elementor-element-bb8e445 elementor-widget elementor-widget-image\" data-id=\"bb8e445\" data-element_type=\"widget\" data-widget_type=\"image.default\">\n\t\t\t\t<div class=\"elementor-widget-container\">\n\t\t\t\t\t\t\t\t\t\t\t\t\t\t<a href=\"https:\/\/akademie-am-toensberg.de\/\">\n\t\t\t\t\t\t\t<img decoding=\"async\" src=\"https:\/\/www.junge-russlanddeutsche.de\/wp-content\/uploads\/2023\/11\/logo_AkademieToensberg.png\" title=\"\" alt=\"\" loading=\"lazy\" \/>\t\t\t\t\t\t\t\t<\/a>\n\t\t\t\t\t\t\t\t\t\t\t\t\t<\/div>\n\t\t\t\t<\/div>\n\t\t\t\t<div class=\"elementor-element elementor-element-ad2eac1 elementor-widget-divider--view-line elementor-widget elementor-widget-divider\" data-id=\"ad2eac1\" data-element_type=\"widget\" data-widget_type=\"divider.default\">\n\t\t\t\t<div class=\"elementor-widget-container\">\n\t\t\t\t\t<div class=\"elementor-divider\">\n\t\t\t<span class=\"elementor-divider-separator\">\n\t\t\t\t\t\t<\/span>\n\t\t<\/div>\n\t\t\t\t<\/div>\n\t\t\t\t<\/div>\n\t\t\t\t<div class=\"elementor-element elementor-element-b51f878 elementor-widget elementor-widget-text-editor\" data-id=\"b51f878\" data-element_type=\"widget\" data-widget_type=\"text-editor.default\">\n\t\t\t\t<div class=\"elementor-widget-container\">\n\t\t\t\t\t\t\t<div class=\"elementor-element elementor-element-51eb9a2 elementor-widget elementor-widget-text-editor\" data-id=\"51eb9a2\" data-element_type=\"widget\" data-widget_type=\"text-editor.default\"><div class=\"elementor-widget-container\"><h5>Unser Bildungsangebot reicht von eint\u00e4gigen Veranstaltungen \u00fcber mehrt\u00e4gige Bildungsseminare und Werkst\u00e4tten bis hin zu internationalen Begegnungen, Austauschformaten oder Vortragsveranstaltungen. Der Schwerpunkt unserer Arbeit liegt auf den mehrt\u00e4gigen Bildungsangeboten f\u00fcr Erwachsene, zugleich bieten wir Veranstaltungen f\u00fcr Kinder, Jugendliche und Familien an.<\/h5><h5>\u00a0<\/h5><\/div><div class=\"elementor-element elementor-element-352f266 elementor-widget elementor-widget-text-editor\" data-id=\"352f266\" data-element_type=\"widget\" data-widget_type=\"text-editor.default\"><div class=\"elementor-widget-container\"><h5>Mit diesen erm\u00f6glichen wir den Teilnehmenden eine Gemeinschaft auf Zeit \u2013 wir leben und lernen unter einem Dach. Der vorgegebene Rahmen durch Seminarzeiten, gemeinsames Essen und Freizeitgestaltung ist ein bew\u00e4hrtes Ritual, welches Orientierung gibt und Menschen in ihrer Ganzheit anspricht. Dem Kennenlernen und gemeinsamen Austausch werden viel Zeit und Raum gegeben. Dies l\u00e4sst st\u00e4rkende, bereichernde Verbindungen entstehen, oftmals weit \u00fcber den Bildungsaufenthalt hinaus. Die Veranstaltungen finden gr\u00f6\u00dftenteils in Oerlinghausen und Umgebung statt. Als Wanderakademie w\u00e4hlen wir den Veranstaltungsort passend zu den Anforderungen der Bildungsformate und Gruppen der Teilnehmenden aus.<\/h5><h5>\u00a0<\/h5><div class=\"elementor-element elementor-element-5fc340d e-flex e-con-boxed e-con e-parent\" data-id=\"5fc340d\" data-element_type=\"container\" data-settings=\"{&quot;content_width&quot;:&quot;boxed&quot;}\" data-core-v316-plus=\"true\"><div class=\"e-con-inner\"><div class=\"elementor-element elementor-element-9c9a850 elementor-widget elementor-widget-text-editor\" data-id=\"9c9a850\" data-element_type=\"widget\" data-widget_type=\"text-editor.default\"><div class=\"elementor-widget-container\"><h5>Sechs Themenfelder bilden die inhaltlichen S\u00e4ulen unserer Bildungsarbeit, mit der wir zu einem verantwortungsbewussten, respekt- und friedvollen Miteinander in der Zivilgesellschaft beitragen wollen: Zuwanderung und Integration, Demokratie und Partizipation, Erinnerungskultur und Zeitgeschichte, Gesellschaftswandel und Zukunftsperspektive, Diversit\u00e4t und Vielfalt, Resilienz und Achtsamkeit. Unsere P\u00e4dagoginnen sind selbst in den Seminaren lehrend t\u00e4tig. Dies erm\u00f6glicht zeitnah und flexibel auf aktuelle Themen und Bedarfe im gesellschaftspolitischen Kontext einzugehen.<\/h5><\/div><\/div><\/div><\/div><\/div><\/div><\/div>\t\t\t\t\t\t<\/div>\n\t\t\t\t<\/div>\n\t\t<div class=\"elementor-element elementor-element-c87f213 e-flex e-con-boxed e-con e-child\" data-id=\"c87f213\" data-element_type=\"container\">\n\t\t\t\t\t<div class=\"e-con-inner\">\n\t\t<div class=\"elementor-element elementor-element-d2915b4 e-flex e-con-boxed e-con e-child\" data-id=\"d2915b4\" data-element_type=\"container\">\n\t\t\t\t\t<div class=\"e-con-inner\">\n\t\t\t\t<div class=\"elementor-element elementor-element-a29f725 elementor-widget elementor-widget-heading\" data-id=\"a29f725\" data-element_type=\"widget\" data-widget_type=\"heading.default\">\n\t\t\t\t<div class=\"elementor-widget-container\">\n\t\t\t<h2 class=\"elementor-heading-title elementor-size-default\">Unsere Beitr\u00e4ge<\/h2>\t\t<\/div>\n\t\t\t\t<\/div>\n\t\t\t\t\t<\/div>\n\t\t\t\t<\/div>\n\t\t\t\t\t<\/div>\n\t\t\t\t<\/div>\n\t\t\t\t<\/div>\n\t\t<div class=\"elementor-element elementor-element-5f7cdeb e-flex e-con-boxed e-con e-child\" data-id=\"5f7cdeb\" data-element_type=\"container\">\n\t\t\t\t\t<div class=\"e-con-inner\">\n\t\t<div class=\"elementor-element elementor-element-dd9e13a e-con-full up_ani e-flex elementor-invisible e-con e-child\" data-id=\"dd9e13a\" data-element_type=\"container\" data-settings=\"{&quot;animation&quot;:&quot;fadeInUp&quot;}\">\n\t\t\t\t<div class=\"elementor-element elementor-element-3a5d758 ser_bot elementor-position-top elementor-widget elementor-widget-image-box\" data-id=\"3a5d758\" data-element_type=\"widget\" data-widget_type=\"image-box.default\">\n\t\t\t\t<div class=\"elementor-widget-container\">\n\t\t\t<div class=\"elementor-image-box-wrapper\"><figure class=\"elementor-image-box-img\"><a href=\"https:\/\/www.junge-russlanddeutsche.de\/denk-orte\/modellierung\/\" tabindex=\"-1\"><img fetchpriority=\"high\" decoding=\"async\" width=\"300\" height=\"300\" src=\"https:\/\/www.junge-russlanddeutsche.de\/denk-orte\/wp-content\/uploads\/sites\/6\/2024\/09\/Modellierung-300x300.jpg\" class=\"attachment-medium size-medium wp-image-3650\" alt=\"\" srcset=\"https:\/\/www.junge-russlanddeutsche.de\/denk-orte\/wp-content\/uploads\/sites\/6\/2024\/09\/Modellierung-300x300.jpg 300w, https:\/\/www.junge-russlanddeutsche.de\/denk-orte\/wp-content\/uploads\/sites\/6\/2024\/09\/Modellierung-150x150.jpg 150w, https:\/\/www.junge-russlanddeutsche.de\/denk-orte\/wp-content\/uploads\/sites\/6\/2024\/09\/Modellierung-768x768.jpg 768w, https:\/\/www.junge-russlanddeutsche.de\/denk-orte\/wp-content\/uploads\/sites\/6\/2024\/09\/Modellierung-400x400.jpg 400w, https:\/\/www.junge-russlanddeutsche.de\/denk-orte\/wp-content\/uploads\/sites\/6\/2024\/09\/Modellierung.jpg 1024w\" sizes=\"(max-width: 300px) 100vw, 300px\" \/><\/a><\/figure><div class=\"elementor-image-box-content\"><h4 class=\"elementor-image-box-title\"><a href=\"https:\/\/www.junge-russlanddeutsche.de\/denk-orte\/modellierung\/\">Modellierung der Erinnerung <\/a><\/h4><\/div><\/div>\t\t<\/div>\n\t\t\t\t<\/div>\n\t\t\t\t<div class=\"elementor-element elementor-element-f7de044 elementor-widget elementor-widget-button\" data-id=\"f7de044\" data-element_type=\"widget\" data-widget_type=\"button.default\">\n\t\t\t\t<div class=\"elementor-widget-container\">\n\t\t\t\t\t\t\t<div class=\"elementor-button-wrapper\">\n\t\t\t\t\t<a class=\"elementor-button elementor-button-link elementor-size-sm\" href=\"https:\/\/www.junge-russlanddeutsche.de\/denk-orte\/modellierung\/\">\n\t\t\t\t\t\t<span class=\"elementor-button-content-wrapper\">\n\t\t\t\t\t\t\t\t\t<span class=\"elementor-button-text\">MEHR LESEN<\/span>\n\t\t\t\t\t<\/span>\n\t\t\t\t\t<\/a>\n\t\t\t\t<\/div>\n\t\t\t\t\t\t<\/div>\n\t\t\t\t<\/div>\n\t\t\t\t<\/div>\n\t\t<div class=\"elementor-element elementor-element-7225ee4 e-con-full up_ani e-flex elementor-invisible e-con e-child\" data-id=\"7225ee4\" data-element_type=\"container\" data-settings=\"{&quot;animation&quot;:&quot;fadeInUp&quot;}\">\n\t\t\t\t<div class=\"elementor-element elementor-element-1e6d406 ser_bot elementor-position-top elementor-widget elementor-widget-image-box\" data-id=\"1e6d406\" data-element_type=\"widget\" data-widget_type=\"image-box.default\">\n\t\t\t\t<div class=\"elementor-widget-container\">\n\t\t\t<div class=\"elementor-image-box-wrapper\"><figure class=\"elementor-image-box-img\"><a href=\"https:\/\/www.junge-russlanddeutsche.de\/denk-orte\/verortung\/\" tabindex=\"-1\"><img decoding=\"async\" width=\"1024\" height=\"1024\" src=\"https:\/\/www.junge-russlanddeutsche.de\/denk-orte\/wp-content\/uploads\/sites\/6\/2024\/09\/Verortung.jpg\" class=\"attachment-full size-full wp-image-3653\" alt=\"\" srcset=\"https:\/\/www.junge-russlanddeutsche.de\/denk-orte\/wp-content\/uploads\/sites\/6\/2024\/09\/Verortung.jpg 1024w, https:\/\/www.junge-russlanddeutsche.de\/denk-orte\/wp-content\/uploads\/sites\/6\/2024\/09\/Verortung-300x300.jpg 300w, https:\/\/www.junge-russlanddeutsche.de\/denk-orte\/wp-content\/uploads\/sites\/6\/2024\/09\/Verortung-150x150.jpg 150w, https:\/\/www.junge-russlanddeutsche.de\/denk-orte\/wp-content\/uploads\/sites\/6\/2024\/09\/Verortung-768x768.jpg 768w, https:\/\/www.junge-russlanddeutsche.de\/denk-orte\/wp-content\/uploads\/sites\/6\/2024\/09\/Verortung-400x400.jpg 400w\" sizes=\"(max-width: 1024px) 100vw, 1024px\" \/><\/a><\/figure><div class=\"elementor-image-box-content\"><h4 class=\"elementor-image-box-title\"><a href=\"https:\/\/www.junge-russlanddeutsche.de\/denk-orte\/verortung\/\">Verortung der Erinnerung <\/a><\/h4><\/div><\/div>\t\t<\/div>\n\t\t\t\t<\/div>\n\t\t\t\t<div class=\"elementor-element elementor-element-c80cb7d elementor-widget elementor-widget-button\" data-id=\"c80cb7d\" data-element_type=\"widget\" data-widget_type=\"button.default\">\n\t\t\t\t<div class=\"elementor-widget-container\">\n\t\t\t\t\t\t\t<div class=\"elementor-button-wrapper\">\n\t\t\t\t\t<a class=\"elementor-button elementor-button-link elementor-size-sm\" href=\"https:\/\/www.junge-russlanddeutsche.de\/denk-orte\/verortung\/\">\n\t\t\t\t\t\t<span class=\"elementor-button-content-wrapper\">\n\t\t\t\t\t\t\t\t\t<span class=\"elementor-button-text\">MEHR LESEN<\/span>\n\t\t\t\t\t<\/span>\n\t\t\t\t\t<\/a>\n\t\t\t\t<\/div>\n\t\t\t\t\t\t<\/div>\n\t\t\t\t<\/div>\n\t\t\t\t<\/div>\n\t\t<div class=\"elementor-element elementor-element-f8995e8 e-con-full up_ani e-flex elementor-invisible e-con e-child\" data-id=\"f8995e8\" data-element_type=\"container\" data-settings=\"{&quot;animation&quot;:&quot;fadeInUp&quot;}\">\n\t\t\t\t<div class=\"elementor-element elementor-element-991c23e ser_bot elementor-position-top elementor-widget elementor-widget-image-box\" data-id=\"991c23e\" data-element_type=\"widget\" data-widget_type=\"image-box.default\">\n\t\t\t\t<div class=\"elementor-widget-container\">\n\t\t\t<div class=\"elementor-image-box-wrapper\"><figure class=\"elementor-image-box-img\"><a href=\"https:\/\/www.junge-russlanddeutsche.de\/denk-orte\/verinnerlichung\/\" tabindex=\"-1\"><img decoding=\"async\" width=\"1024\" height=\"1024\" src=\"https:\/\/www.junge-russlanddeutsche.de\/denk-orte\/wp-content\/uploads\/sites\/6\/2024\/09\/Verinnerlichung.jpg\" class=\"attachment-full size-full wp-image-3652\" alt=\"\" srcset=\"https:\/\/www.junge-russlanddeutsche.de\/denk-orte\/wp-content\/uploads\/sites\/6\/2024\/09\/Verinnerlichung.jpg 1024w, https:\/\/www.junge-russlanddeutsche.de\/denk-orte\/wp-content\/uploads\/sites\/6\/2024\/09\/Verinnerlichung-300x300.jpg 300w, https:\/\/www.junge-russlanddeutsche.de\/denk-orte\/wp-content\/uploads\/sites\/6\/2024\/09\/Verinnerlichung-150x150.jpg 150w, https:\/\/www.junge-russlanddeutsche.de\/denk-orte\/wp-content\/uploads\/sites\/6\/2024\/09\/Verinnerlichung-768x768.jpg 768w, https:\/\/www.junge-russlanddeutsche.de\/denk-orte\/wp-content\/uploads\/sites\/6\/2024\/09\/Verinnerlichung-400x400.jpg 400w\" sizes=\"(max-width: 1024px) 100vw, 1024px\" \/><\/a><\/figure><div class=\"elementor-image-box-content\"><h4 class=\"elementor-image-box-title\"><a href=\"https:\/\/www.junge-russlanddeutsche.de\/denk-orte\/verinnerlichung\/\">Verinnerlichung der Erinnerung<\/a><\/h4><\/div><\/div>\t\t<\/div>\n\t\t\t\t<\/div>\n\t\t\t\t<div class=\"elementor-element elementor-element-66a6af1 elementor-widget elementor-widget-button\" data-id=\"66a6af1\" data-element_type=\"widget\" data-widget_type=\"button.default\">\n\t\t\t\t<div class=\"elementor-widget-container\">\n\t\t\t\t\t\t\t<div class=\"elementor-button-wrapper\">\n\t\t\t\t\t<a class=\"elementor-button elementor-button-link elementor-size-sm\" href=\"https:\/\/www.junge-russlanddeutsche.de\/denk-orte\/verinnerlichung\/\">\n\t\t\t\t\t\t<span class=\"elementor-button-content-wrapper\">\n\t\t\t\t\t\t\t\t\t<span class=\"elementor-button-text\">MEHR LESEN<\/span>\n\t\t\t\t\t<\/span>\n\t\t\t\t\t<\/a>\n\t\t\t\t<\/div>\n\t\t\t\t\t\t<\/div>\n\t\t\t\t<\/div>\n\t\t\t\t<\/div>\n\t\t\t\t\t<\/div>\n\t\t\t\t<\/div>\n\t\t\t\t\t<\/div>\n\t\t\t\t<\/div>\n\t\t\t\t<\/div>\n\t\t","protected":false},"excerpt":{"rendered":"<p>\u00dcber uns Die Deutsche Gesellschaft e. V. ist der erste nach dem Fall der Berliner Mauer gegr\u00fcndete gesamtdeutsche Verein. Bereits im Jahr 1983 hatten Pers\u00f6nlichkeiten aus Ost und West versucht, eine deutsch-deutsche Freundschaftsgesellschaft zu initiieren. Sie scheiterten jedoch am Widerstand der SED-Funktion\u00e4re. F\u00fcr die Idee fanden sich in den Revolutionstagen des Jahres 1989 neue Verb\u00fcndete.<a class=\"more-link\" href=\"https:\/\/www.junge-russlanddeutsche.de\/denk-orte\/ueberuns\/\"><span class=\"screen-reader-text\">&#8220;\u00dcber uns&#8221;<\/span> weiterlesen<\/a><\/p>\n","protected":false},"author":1,"featured_media":0,"parent":0,"menu_order":0,"comment_status":"closed","ping_status":"closed","template":"elementor_header_footer","meta":{"footnotes":""},"class_list":["post-3506","page","type-page","status-publish","hentry","entry"],"_links":{"self":[{"href":"https:\/\/www.junge-russlanddeutsche.de\/denk-orte\/wp-json\/wp\/v2\/pages\/3506"}],"collection":[{"href":"https:\/\/www.junge-russlanddeutsche.de\/denk-orte\/wp-json\/wp\/v2\/pages"}],"about":[{"href":"https:\/\/www.junge-russlanddeutsche.de\/denk-orte\/wp-json\/wp\/v2\/types\/page"}],"author":[{"embeddable":true,"href":"https:\/\/www.junge-russlanddeutsche.de\/denk-orte\/wp-json\/wp\/v2\/users\/1"}],"replies":[{"embeddable":true,"href":"https:\/\/www.junge-russlanddeutsche.de\/denk-orte\/wp-json\/wp\/v2\/comments?post=3506"}],"version-history":[{"count":12,"href":"https:\/\/www.junge-russlanddeutsche.de\/denk-orte\/wp-json\/wp\/v2\/pages\/3506\/revisions"}],"predecessor-version":[{"id":4103,"href":"https:\/\/www.junge-russlanddeutsche.de\/denk-orte\/wp-json\/wp\/v2\/pages\/3506\/revisions\/4103"}],"wp:attachment":[{"href":"https:\/\/www.junge-russlanddeutsche.de\/denk-orte\/wp-json\/wp\/v2\/media?parent=3506"}],"curies":[{"name":"wp","href":"https:\/\/api.w.org\/{rel}","templated":true}]}}