{"id":4079,"date":"2024-10-08T13:19:28","date_gmt":"2024-10-08T11:19:28","guid":{"rendered":"https:\/\/www.junge-russlanddeutsche.de\/denk-orte\/?page_id=4079"},"modified":"2024-10-08T13:35:18","modified_gmt":"2024-10-08T11:35:18","slug":"glossar","status":"publish","type":"page","link":"https:\/\/www.junge-russlanddeutsche.de\/denk-orte\/glossar\/","title":{"rendered":"Glossar"},"content":{"rendered":"\t\t<div data-elementor-type=\"wp-page\" data-elementor-id=\"4079\" class=\"elementor elementor-4079\">\n\t\t\t\t<div class=\"elementor-element elementor-element-432de44 e-con-full e-flex e-con e-parent\" data-id=\"432de44\" data-element_type=\"container\">\n\t\t\t\t<div class=\"elementor-element elementor-element-56bd68d elementor-widget__width-inherit elementor-widget elementor-widget-text-editor\" data-id=\"56bd68d\" data-element_type=\"widget\" data-widget_type=\"text-editor.default\">\n\t\t\t\t<div class=\"elementor-widget-container\">\n\t\t\t\t\t\t\t<h2 style=\"text-align: center;\">Auf dieser Seite finden Sie Erkl\u00e4rungen und Hintergr\u00fcnde zu einigen zentralen Begrifflichkeiten aus den Beitr\u00e4gen unserer Teilnehmerinnen und Teilnehmer.<\/h2>\t\t\t\t\t\t<\/div>\n\t\t\t\t<\/div>\n\t\t\t\t<\/div>\n\t\t<div class=\"elementor-element elementor-element-91c0ef3 e-flex e-con-boxed e-con e-parent\" data-id=\"91c0ef3\" data-element_type=\"container\">\n\t\t\t\t\t<div class=\"e-con-inner\">\n\t\t\t\t<div class=\"elementor-element elementor-element-c962682 elementor-widget elementor-widget-toggle\" data-id=\"c962682\" data-element_type=\"widget\" data-widget_type=\"toggle.default\">\n\t\t\t\t<div class=\"elementor-widget-container\">\n\t\t\t\t\t<div class=\"elementor-toggle\">\n\t\t\t\t\t\t\t<div class=\"elementor-toggle-item\">\n\t\t\t\t\t<div id=\"elementor-tab-title-2111\" class=\"elementor-tab-title\" data-tab=\"1\" role=\"button\" aria-controls=\"elementor-tab-content-2111\" aria-expanded=\"false\">\n\t\t\t\t\t\t\t\t\t\t\t\t<span class=\"elementor-toggle-icon elementor-toggle-icon-left\" aria-hidden=\"true\">\n\t\t\t\t\t\t\t\t\t\t\t\t\t\t\t<span class=\"elementor-toggle-icon-closed\"><svg class=\"e-font-icon-svg e-fas-caret-right\" viewBox=\"0 0 192 512\" xmlns=\"http:\/\/www.w3.org\/2000\/svg\"><path d=\"M0 384.662V127.338c0-17.818 21.543-26.741 34.142-14.142l128.662 128.662c7.81 7.81 7.81 20.474 0 28.284L34.142 398.804C21.543 411.404 0 402.48 0 384.662z\"><\/path><\/svg><\/span>\n\t\t\t\t\t\t\t\t<span class=\"elementor-toggle-icon-opened\"><svg class=\"elementor-toggle-icon-opened e-font-icon-svg e-fas-caret-up\" viewBox=\"0 0 320 512\" xmlns=\"http:\/\/www.w3.org\/2000\/svg\"><path d=\"M288.662 352H31.338c-17.818 0-26.741-21.543-14.142-34.142l128.662-128.662c7.81-7.81 20.474-7.81 28.284 0l128.662 128.662c12.6 12.599 3.676 34.142-14.142 34.142z\"><\/path><\/svg><\/span>\n\t\t\t\t\t\t\t\t\t\t\t\t\t<\/span>\n\t\t\t\t\t\t\t\t\t\t\t\t<a class=\"elementor-toggle-title\" tabindex=\"0\">Arbeitsarmee\/ Trudarmee<\/a>\n\t\t\t\t\t<\/div>\n\n\t\t\t\t\t<div id=\"elementor-tab-content-2111\" class=\"elementor-tab-content elementor-clearfix\" data-tab=\"1\" role=\"region\" aria-labelledby=\"elementor-tab-title-2111\"><p>Arbeitsarmee ist eine sowjetische Form von militarisierter Zwangsarbeit. Dorthin wurden arbeitsf\u00e4hige Zivilisten nach dem Prinzip von Einberufungen zum Kriegsdienst mobilisiert. Widersetzung wurde als Fahnenflucht gewertet und entsprechend geahndet. Arbeitsarmeen waren in das Strafverfolgungssystem integriert und auf der Grundlage des ber\u00fcchtigten GULAGs organisiert. Im Unterschied zu verurteilten Insassen der GULAGs, waren Arbeitsarmisten unbescholtene B\u00fcrger, die jedoch demselben Regime, Arbeits- und Lebensbedingungen ausgeliefert waren.\u00a0 Ab 1941 wurden Russlanddeutsche pauschal in Arbeitsarmeen einberufen. Diese Ungleichbehandlung wurde formaljuristisch mit ihrem Sonderstatus als Sondersiedler begr\u00fcndet. Dieser enthob sie von \u00fcblichen B\u00fcrgerrechten. \u00a0Unmenschliche Arbeitsbedingungen, schlechte Ern\u00e4hrung und Krankheiten verursachten eine hohe Sterberate. Unterschiedlichen Sch\u00e4tzungen zu Folge sind von den 350.000 deutschen Arbeitsarmisten etwa 150.000 dabei ums Leben gekommen.<\/p><\/div>\n\t\t\t\t<\/div>\n\t\t\t\t\t\t\t<div class=\"elementor-toggle-item\">\n\t\t\t\t\t<div id=\"elementor-tab-title-2112\" class=\"elementor-tab-title\" data-tab=\"2\" role=\"button\" aria-controls=\"elementor-tab-content-2112\" aria-expanded=\"false\">\n\t\t\t\t\t\t\t\t\t\t\t\t<span class=\"elementor-toggle-icon elementor-toggle-icon-left\" aria-hidden=\"true\">\n\t\t\t\t\t\t\t\t\t\t\t\t\t\t\t<span class=\"elementor-toggle-icon-closed\"><svg class=\"e-font-icon-svg e-fas-caret-right\" viewBox=\"0 0 192 512\" xmlns=\"http:\/\/www.w3.org\/2000\/svg\"><path d=\"M0 384.662V127.338c0-17.818 21.543-26.741 34.142-14.142l128.662 128.662c7.81 7.81 7.81 20.474 0 28.284L34.142 398.804C21.543 411.404 0 402.48 0 384.662z\"><\/path><\/svg><\/span>\n\t\t\t\t\t\t\t\t<span class=\"elementor-toggle-icon-opened\"><svg class=\"elementor-toggle-icon-opened e-font-icon-svg e-fas-caret-up\" viewBox=\"0 0 320 512\" xmlns=\"http:\/\/www.w3.org\/2000\/svg\"><path d=\"M288.662 352H31.338c-17.818 0-26.741-21.543-14.142-34.142l128.662-128.662c7.81-7.81 20.474-7.81 28.284 0l128.662 128.662c12.6 12.599 3.676 34.142-14.142 34.142z\"><\/path><\/svg><\/span>\n\t\t\t\t\t\t\t\t\t\t\t\t\t<\/span>\n\t\t\t\t\t\t\t\t\t\t\t\t<a class=\"elementor-toggle-title\" tabindex=\"0\">Deportation<\/a>\n\t\t\t\t\t<\/div>\n\n\t\t\t\t\t<div id=\"elementor-tab-content-2112\" class=\"elementor-tab-content elementor-clearfix\" data-tab=\"2\" role=\"region\" aria-labelledby=\"elementor-tab-title-2112\"><p>Deportation(-en) sind staatlich organisierte Zwangsmigrationen von Minderheiten nach pauschalen Kriterien. Dazu geh\u00f6ren ethnische, kulturelle oder religi\u00f6se Kriterien. Sie dienen stets pr\u00e4ventiven oder strafenden Zwecken gegen Minderheit, denen eine Staatsgef\u00e4hrdung unterstellt wird. Deportationen werden v\u00f6lkerrechtlich als Verbrechen gegen die Menschlichkeit gewertet und international ge\u00e4chtet, da sie stets au\u00dferhalb rechtstaatlicher Prinzipien angewandt werden. Totalit\u00e4re und autorit\u00e4re Regime, wie Nazideutschland, die Sowjetunion oder das Osmanische Reich f\u00fchrten Deportationen durch. In der stalinistischen Sowjetunion sowie im Russischen Reich wurden ethnische Deutsche mehrmals von Deportationen betroffen. Von 1,4 Mio. Russlanddeutschen der Sowjetunion waren 1936 \u2013 1946 rund 1,2 Mio. in mehreren Wellen davon betroffen. Ihnen wurde pauschal die Kollaboration mit Nazideutschland unterstellt. \u00a0Deportationen bedeuten Verlust von Eigentum, Heimat, Leben und kultureller Identit\u00e4t.<\/p><\/div>\n\t\t\t\t<\/div>\n\t\t\t\t\t\t\t<div class=\"elementor-toggle-item\">\n\t\t\t\t\t<div id=\"elementor-tab-title-2113\" class=\"elementor-tab-title\" data-tab=\"3\" role=\"button\" aria-controls=\"elementor-tab-content-2113\" aria-expanded=\"false\">\n\t\t\t\t\t\t\t\t\t\t\t\t<span class=\"elementor-toggle-icon elementor-toggle-icon-left\" aria-hidden=\"true\">\n\t\t\t\t\t\t\t\t\t\t\t\t\t\t\t<span class=\"elementor-toggle-icon-closed\"><svg class=\"e-font-icon-svg e-fas-caret-right\" viewBox=\"0 0 192 512\" xmlns=\"http:\/\/www.w3.org\/2000\/svg\"><path d=\"M0 384.662V127.338c0-17.818 21.543-26.741 34.142-14.142l128.662 128.662c7.81 7.81 7.81 20.474 0 28.284L34.142 398.804C21.543 411.404 0 402.48 0 384.662z\"><\/path><\/svg><\/span>\n\t\t\t\t\t\t\t\t<span class=\"elementor-toggle-icon-opened\"><svg class=\"elementor-toggle-icon-opened e-font-icon-svg e-fas-caret-up\" viewBox=\"0 0 320 512\" xmlns=\"http:\/\/www.w3.org\/2000\/svg\"><path d=\"M288.662 352H31.338c-17.818 0-26.741-21.543-14.142-34.142l128.662-128.662c7.81-7.81 20.474-7.81 28.284 0l128.662 128.662c12.6 12.599 3.676 34.142-14.142 34.142z\"><\/path><\/svg><\/span>\n\t\t\t\t\t\t\t\t\t\t\t\t\t<\/span>\n\t\t\t\t\t\t\t\t\t\t\t\t<a class=\"elementor-toggle-title\" tabindex=\"0\">Sondersiedler\/ Sondersiedlung\/ Sonderkommandantur<\/a>\n\t\t\t\t\t<\/div>\n\n\t\t\t\t\t<div id=\"elementor-tab-content-2113\" class=\"elementor-tab-content elementor-clearfix\" data-tab=\"3\" role=\"region\" aria-labelledby=\"elementor-tab-title-2113\"><p>Sondersiedler waren 1930-1960 eine Kategorie von zwangsumgesiedelten B\u00fcrgern der Sowjetunion. Ihr juristischer Status unterschied sich im Grad der Unfreiheit wesentlich von den anderen Staatsb\u00fcrgern. Es galten neben der Einschr\u00e4nkung der Reisefreiz\u00fcgigkeit und freier Aus\u00fcbung von Berufen eine strenge Meldepflicht bei \u00f6rtlichen Beh\u00f6rden. Dieses Melderegime wurde als Sonderkommandantur bezeichnet. Als Sondersiedler galten automatische alle von Massendeportationen betroffenen Volksgruppen der Sowjetunion, die in sogenannten Sondersiedlung untergebracht wurden. Diese Siedlungen wurden neben zivilen kommunalen Organen von Staatssicherheitsstellen verwaltet. Betroffene Menschen waren zivile Gefangenen des eigenen Staates. Diesem Status waren bis 1956 alle 1.225.000 Deutsche der Sowjetunion unterworfen, denen die Staatsorgane pauschal Kollaboration mit Nazideutschland unterstellte.<\/p><\/div>\n\t\t\t\t<\/div>\n\t\t\t\t\t\t\t\t<\/div>\n\t\t\t\t<\/div>\n\t\t\t\t<\/div>\n\t\t\t\t\t<\/div>\n\t\t\t\t<\/div>\n\t\t\t\t<\/div>\n\t\t","protected":false},"excerpt":{"rendered":"<p>Auf dieser Seite finden Sie Erkl\u00e4rungen und Hintergr\u00fcnde zu einigen zentralen Begrifflichkeiten aus den Beitr\u00e4gen unserer Teilnehmerinnen und Teilnehmer. Arbeitsarmee\/ Trudarmee Arbeitsarmee ist eine sowjetische Form von militarisierter Zwangsarbeit. Dorthin wurden arbeitsf\u00e4hige Zivilisten nach dem Prinzip von Einberufungen zum Kriegsdienst mobilisiert. Widersetzung wurde als Fahnenflucht gewertet und entsprechend geahndet. Arbeitsarmeen waren in das Strafverfolgungssystem integriert<a class=\"more-link\" href=\"https:\/\/www.junge-russlanddeutsche.de\/denk-orte\/glossar\/\"><span class=\"screen-reader-text\">&#8220;Glossar&#8221;<\/span> weiterlesen<\/a><\/p>\n","protected":false},"author":19,"featured_media":0,"parent":0,"menu_order":0,"comment_status":"closed","ping_status":"closed","template":"elementor_header_footer","meta":{"footnotes":""},"class_list":["post-4079","page","type-page","status-publish","hentry","entry"],"_links":{"self":[{"href":"https:\/\/www.junge-russlanddeutsche.de\/denk-orte\/wp-json\/wp\/v2\/pages\/4079"}],"collection":[{"href":"https:\/\/www.junge-russlanddeutsche.de\/denk-orte\/wp-json\/wp\/v2\/pages"}],"about":[{"href":"https:\/\/www.junge-russlanddeutsche.de\/denk-orte\/wp-json\/wp\/v2\/types\/page"}],"author":[{"embeddable":true,"href":"https:\/\/www.junge-russlanddeutsche.de\/denk-orte\/wp-json\/wp\/v2\/users\/19"}],"replies":[{"embeddable":true,"href":"https:\/\/www.junge-russlanddeutsche.de\/denk-orte\/wp-json\/wp\/v2\/comments?post=4079"}],"version-history":[{"count":7,"href":"https:\/\/www.junge-russlanddeutsche.de\/denk-orte\/wp-json\/wp\/v2\/pages\/4079\/revisions"}],"predecessor-version":[{"id":4090,"href":"https:\/\/www.junge-russlanddeutsche.de\/denk-orte\/wp-json\/wp\/v2\/pages\/4079\/revisions\/4090"}],"wp:attachment":[{"href":"https:\/\/www.junge-russlanddeutsche.de\/denk-orte\/wp-json\/wp\/v2\/media?parent=4079"}],"curies":[{"name":"wp","href":"https:\/\/api.w.org\/{rel}","templated":true}]}}